{"id":350,"date":"2022-01-27T15:05:22","date_gmt":"2022-01-27T15:05:22","guid":{"rendered":"https:\/\/qriteria.digics.si\/domande\/"},"modified":"2022-10-02T16:04:27","modified_gmt":"2022-10-02T16:04:27","slug":"questions","status":"publish","type":"page","link":"https:\/\/www.qriteria.net\/fr\/questions\/","title":{"rendered":"Questions"},"content":{"rendered":"<p>Pour jouer \u00e0 <strong>qriteria<\/strong>, vous devez trouver une personne en utilisant les param\u00e8tres envoy\u00e9s par l&#8217;application sur votre t\u00e9l\u00e9phone; ces crit\u00e8res de recherche sont g\u00e9n\u00e9r\u00e9s par les questions auxquelles il faut r\u00e9pondre lors de l&#8217;inscription.<\/p>\n<p>Voici un extrait des questions des qrit\u00e8res:<\/p>\n<ul>\n<li><strong>Dans quel \u00e9tat ne voulez-vous ne jamais avoir \u00e0 vous r\u00e9veiller?<\/strong><br \/>\n(avec remords, avec un mal de t\u00eate, avec regret, \u00e0 c\u00f4t\u00e9 d&#8217;un inconnu)<\/li>\n<li><strong>Quelles sont les personnes que vous admirez le plus?<\/strong><br \/>\n(populaire, sortant, s\u00fbr, mort)<\/li>\n<li><strong>Changeriez vous de sexe?<\/strong><br \/>\n(jamais, pendant un court moment, peut-\u00eatre, \u00e0 nouveau?)<\/li>\n<li><strong>Quelle cat\u00e9gorie de mensonges pouvez-vous tol\u00e9rer?<\/strong><br \/>\n(aucun, blanc, pitoyable, constructif)<\/li>\n<li><strong>Discutez-vous de vos fantasmes sexuels ou de vos r\u00eaves sexuels?<\/strong><br \/>\n(jamais, parfois, souvent, dans des symposiums sp\u00e9ciaux)<\/li>\n<li><strong>Que consid\u00e9rez-vous comme une sortie et un retard?<\/strong><br \/>\n(revenir avant minuit, revenir \u00e0 l&#8217;aube, revenir apr\u00e8s un jour, revenir accompagn\u00e9)<\/li>\n<li><strong>Qu&#8217;est-ce qui est le plus important \u00e0 v\u00e9rifier pour la fermeture?<\/strong><br \/>\n(pas de porte, abonnement t\u00e9l\u00e9phonique, relation amoureuse, appel t\u00e9l\u00e9phonique professionnel)<\/li>\n<li><strong>Qui ne ment jamais?<\/strong><br \/>\n(enfants, photos surprises, ivrognes, leggings)<\/li>\n<li><strong>Que pensez-vous du sexe dans une voiture?<\/strong><br \/>\n(excitant, inconfortable, adolescent, seulement avec une bo\u00eete de vitesse \u00e0 volant)<\/li>\n<li><strong>Que pr\u00e9f\u00e9rez-vous \u00e9viter lors d&#8217;un premier rendez-vous?<\/strong><br \/>\n(partage de factures, parler du pass\u00e9, promesses pr\u00e9matur\u00e9es, sexe forc\u00e9)<\/li>\n<li><strong>Comment vous rappelez-vous votre dernier rapport sexuel?<\/strong><br \/>\n(vaguement, avec plaisir, avec malaise, avec un regret financier)<\/li>\n<\/ul>\n<p>La liste compl\u00e8te des questions de qriteria peut \u00eatre t\u00e9l\u00e9charg\u00e9e depuis <a title=\"Safe creative\" href=\"https:\/\/www.safecreative.org\/work\/2201190280434-qriteria-questions\" target=\"_blank\" rel=\"noopener\"><strong>Safe Creative<\/strong><\/a>, qui prot\u00e8ge les droits d\u2019auteur. Vous pouvez poser de nouvelles questions en \u00e9crivant \u00e0 qriterion@qriteria.net<\/p>\n<div class=\"sharing-default-minimal post-bottom\"><div class=\"nectar-social default\" data-position=\"\" data-rm-love=\"0\" data-color-override=\"override\"><div class=\"nectar-social-inner\"><a href=\"#\" class=\"nectar-love\" id=\"nectar-love-350\" title=\"Love this\"> <i class=\"icon-salient-heart-2\"><\/i><span class=\"love-text\">Love<\/span><span class=\"total_loves\"><span class=\"nectar-love-count\">0<\/span><\/span><\/a><a class='facebook-share nectar-sharing' href='#' title='Share this'> <i class='fa fa-facebook'><\/i> <span class='social-text'>Share<\/span> <\/a><a class='twitter-share nectar-sharing' href='#' title='Share this'> <i class='fa icon-salient-x-twitter'><\/i> <span class='social-text'>Share<\/span> <\/a><a class='linkedin-share nectar-sharing' href='#' title='Share this'> <i class='fa fa-linkedin'><\/i> <span class='social-text'>Share<\/span> <\/a><a class='pinterest-share nectar-sharing' href='#' title='Pin this'> <i class='fa fa-pinterest'><\/i> <span class='social-text'>Pin<\/span> <\/a><\/div><\/div><\/div>","protected":false},"excerpt":{"rendered":"<p>Pour jouer \u00e0 qriteria, vous devez trouver une personne en utilisant les param\u00e8tres envoy\u00e9s par l&#8217;application sur votre t\u00e9l\u00e9phone; ces crit\u00e8res de recherche sont g\u00e9n\u00e9r\u00e9s par les questions auxquelles il faut r\u00e9pondre lors de l&#8217;inscription. Voici un extrait des questions des qrit\u00e8res: Dans quel \u00e9tat ne voulez-vous ne jamais avoir \u00e0 vous r\u00e9veiller? (avec remords,&#8230; <\/p>\n<div class=\"clear\"><\/div>\n<p><a href=\"https:\/\/www.qriteria.net\/fr\/questions\/\" class=\"excerpt-read-more\">Read More<\/a><\/p>\n","protected":false},"author":2,"featured_media":0,"parent":0,"menu_order":0,"comment_status":"closed","ping_status":"closed","template":"","meta":{"_acf_changed":false,"inline_featured_image":false,"footnotes":""},"class_list":["post-350","page","type-page","status-publish","hentry"],"acf":[],"aioseo_notices":[],"_links":{"self":[{"href":"https:\/\/www.qriteria.net\/fr\/wp-json\/wp\/v2\/pages\/350","targetHints":{"allow":["GET"]}}],"collection":[{"href":"https:\/\/www.qriteria.net\/fr\/wp-json\/wp\/v2\/pages"}],"about":[{"href":"https:\/\/www.qriteria.net\/fr\/wp-json\/wp\/v2\/types\/page"}],"author":[{"embeddable":true,"href":"https:\/\/www.qriteria.net\/fr\/wp-json\/wp\/v2\/users\/2"}],"replies":[{"embeddable":true,"href":"https:\/\/www.qriteria.net\/fr\/wp-json\/wp\/v2\/comments?post=350"}],"version-history":[{"count":0,"href":"https:\/\/www.qriteria.net\/fr\/wp-json\/wp\/v2\/pages\/350\/revisions"}],"wp:attachment":[{"href":"https:\/\/www.qriteria.net\/fr\/wp-json\/wp\/v2\/media?parent=350"}],"curies":[{"name":"wp","href":"https:\/\/api.w.org\/{rel}","templated":true}]}}